{"id":2331,"date":"2021-05-12T07:56:10","date_gmt":"2021-05-12T06:56:10","guid":{"rendered":"https:\/\/www.lysandetantramassage.se\/tjanster\/nuru-masage"},"modified":"2021-05-12T07:56:10","modified_gmt":"2021-05-12T06:56:10","slug":"nuru-masage","status":"publish","type":"page","link":"https:\/\/www.lysandetantramassage.se\/sv\/tjanster\/nuru-masage","title":{"rendered":"Nuru Masage"},"content":{"rendered":"\t\t<div data-elementor-type=\"wp-page\" data-elementor-id=\"2331\" class=\"elementor elementor-2331 elementor-652\" data-elementor-post-type=\"page\">\n\t\t\t\t\t\t<section class=\"elementor-section elementor-top-section elementor-element elementor-element-6b01aa8 elementor-section-boxed elementor-section-height-default elementor-section-height-default\" data-id=\"6b01aa8\" data-element_type=\"section\" data-e-type=\"section\" data-settings=\"{&quot;background_background&quot;:&quot;classic&quot;}\">\n\t\t\t\t\t\t<div class=\"elementor-container elementor-column-gap-default\">\n\t\t\t\t\t<div class=\"elementor-column elementor-col-100 elementor-top-column elementor-element elementor-element-f725371\" data-id=\"f725371\" data-element_type=\"column\" data-e-type=\"column\">\n\t\t\t<div class=\"elementor-widget-wrap elementor-element-populated\">\n\t\t\t\t\t\t<div class=\"elementor-element elementor-element-53c0c19 elementor-align-center elementor-widget elementor-widget-breadcrumbs\" data-id=\"53c0c19\" data-element_type=\"widget\" data-e-type=\"widget\" data-widget_type=\"breadcrumbs.default\">\n\t\t\t\t<div class=\"elementor-widget-container\">\n\t\t\t\t\t<p id=\"breadcrumbs\"><span><span><a href=\"https:\/\/www.lysandetantramassage.se\/sv\">Home<\/a><\/span><\/span><\/p>\t\t\t\t<\/div>\n\t\t\t\t<\/div>\n\t\t\t\t\t<\/div>\n\t\t<\/div>\n\t\t\t\t\t<\/div>\n\t\t<\/section>\n\t\t\t\t<section class=\"elementor-section elementor-top-section elementor-element elementor-element-8419c26 elementor-section-boxed elementor-section-height-default elementor-section-height-default\" data-id=\"8419c26\" data-element_type=\"section\" data-e-type=\"section\" data-settings=\"{&quot;background_background&quot;:&quot;classic&quot;}\">\n\t\t\t\t\t\t<div class=\"elementor-container elementor-column-gap-default\">\n\t\t\t\t\t<div class=\"elementor-column elementor-col-50 elementor-top-column elementor-element elementor-element-84aeec1\" data-id=\"84aeec1\" data-element_type=\"column\" data-e-type=\"column\">\n\t\t\t<div class=\"elementor-widget-wrap elementor-element-populated\">\n\t\t\t\t\t\t<div class=\"elementor-element elementor-element-cf71f59 elementor-widget elementor-widget-image\" data-id=\"cf71f59\" data-element_type=\"widget\" data-e-type=\"widget\" data-widget_type=\"image.default\">\n\t\t\t\t<div class=\"elementor-widget-container\">\n\t\t\t\t\t\t\t\t\t\t\t\t\t\t\t<img fetchpriority=\"high\" decoding=\"async\" width=\"800\" height=\"450\" src=\"https:\/\/www.lysandetantramassage.se\/wp-content\/uploads\/Services-Nuru-Massage-x-900x506-1.jpg\" class=\"attachment-large size-large wp-image-2063\" alt=\"\" srcset=\"https:\/\/www.lysandetantramassage.se\/wp-content\/uploads\/Services-Nuru-Massage-x-900x506-1.jpg 900w, https:\/\/www.lysandetantramassage.se\/wp-content\/uploads\/Services-Nuru-Massage-x-900x506-1-300x169.jpg 300w, https:\/\/www.lysandetantramassage.se\/wp-content\/uploads\/Services-Nuru-Massage-x-900x506-1-768x432.jpg 768w\" sizes=\"(max-width: 800px) 100vw, 800px\" \/>\t\t\t\t\t\t\t\t\t\t\t\t\t\t\t<\/div>\n\t\t\t\t<\/div>\n\t\t\t\t\t<\/div>\n\t\t<\/div>\n\t\t\t\t<div class=\"elementor-column elementor-col-50 elementor-top-column elementor-element elementor-element-137abab\" data-id=\"137abab\" data-element_type=\"column\" data-e-type=\"column\">\n\t\t\t<div class=\"elementor-widget-wrap elementor-element-populated\">\n\t\t\t\t\t\t<div class=\"elementor-element elementor-element-ac2420e elementor-widget elementor-widget-text-editor\" data-id=\"ac2420e\" data-element_type=\"widget\" data-e-type=\"widget\" data-widget_type=\"text-editor.default\">\n\t\t\t\t<div class=\"elementor-widget-container\">\n\t\t\t\t\t\t\t\t\t<p>Den sensuella konsten att massera har praktiserats i \u00e5rhundraden och \u00e4r k\u00e4nd f\u00f6r sina avslappnande effekter med en touch av intimitet. Nuru-massage fokuserar p\u00e5 att st\u00e4rka njutning och lust s\u00e5 att par eller individer kan uppn\u00e5 ett tillfredsst\u00e4llande klimax p\u00e5 ett s\u00e5 trevligt s\u00e4tt som m\u00f6jligt. Nuru-massage kommer fr\u00e5n Japan, d\u00e4r ordet &#8221;nuru&#8221; betyder hal och d\u00e4r denna typ av massage anses vara en gammal erotisk ritual som ofta kallas &#8221;hala massage&#8221;.<br \/>\nIngenting kan vara mer intimt \u00e4n en sensuell massage, d\u00e4r det inte bara handlar om att r\u00f6ra med h\u00e4nderna utan hela kroppen anv\u00e4nds f\u00f6r att massera och l\u00e4ra k\u00e4nna din partner &#8211; kropp-till-kroppsmassage. Under nurumassage \u00f6kar hj\u00e4rtfrekvensaktiviteten och blodsutgjutelsen i de mest k\u00e4nsliga intima omr\u00e5dena. Nuru-massage skapar d\u00e4rf\u00f6r idealiska f\u00f6rh\u00e5llanden f\u00f6r maximal njutning och njutning.<\/p>\n\t\t\t\t\t\t\t\t<\/div>\n\t\t\t\t<\/div>\n\t\t\t\t\t<\/div>\n\t\t<\/div>\n\t\t\t\t\t<\/div>\n\t\t<\/section>\n\t\t\t\t<section class=\"elementor-section elementor-top-section elementor-element elementor-element-25eb7a3 elementor-section-boxed elementor-section-height-default elementor-section-height-default\" data-id=\"25eb7a3\" data-element_type=\"section\" data-e-type=\"section\" data-settings=\"{&quot;background_background&quot;:&quot;classic&quot;}\">\n\t\t\t\t\t\t<div class=\"elementor-container elementor-column-gap-default\">\n\t\t\t\t\t<div class=\"elementor-column elementor-col-100 elementor-top-column elementor-element elementor-element-5202801\" data-id=\"5202801\" data-element_type=\"column\" data-e-type=\"column\">\n\t\t\t<div class=\"elementor-widget-wrap elementor-element-populated\">\n\t\t\t\t\t\t<div class=\"elementor-element elementor-element-6529aa2 elementor-align-center elementor-widget elementor-widget-button\" data-id=\"6529aa2\" data-element_type=\"widget\" data-e-type=\"widget\" data-widget_type=\"button.default\">\n\t\t\t\t<div class=\"elementor-widget-container\">\n\t\t\t\t\t\t\t\t\t<div class=\"elementor-button-wrapper\">\n\t\t\t\t\t<a class=\"elementor-button elementor-button-link elementor-size-sm elementor-animation-grow\" href=\"https:\/\/www.lysandetantramassage.se\/sv\/kontakt\">\n\t\t\t\t\t\t<span class=\"elementor-button-content-wrapper\">\n\t\t\t\t\t\t\t\t\t<span class=\"elementor-button-text\">Reservation<\/span>\n\t\t\t\t\t<\/span>\n\t\t\t\t\t<\/a>\n\t\t\t\t<\/div>\n\t\t\t\t\t\t\t\t<\/div>\n\t\t\t\t<\/div>\n\t\t\t\t<div class=\"elementor-element elementor-element-d58389c elementor-widget elementor-widget-image\" data-id=\"d58389c\" data-element_type=\"widget\" data-e-type=\"widget\" data-widget_type=\"image.default\">\n\t\t\t\t<div class=\"elementor-widget-container\">\n\t\t\t\t\t\t\t\t\t\t\t\t\t\t\t<img decoding=\"async\" width=\"800\" height=\"800\" src=\"https:\/\/www.lysandetantramassage.se\/wp-content\/uploads\/logo-woman-bg-900x900-1.png\" class=\"attachment-large size-large wp-image-2164\" alt=\"\" srcset=\"https:\/\/www.lysandetantramassage.se\/wp-content\/uploads\/logo-woman-bg-900x900-1.png 900w, https:\/\/www.lysandetantramassage.se\/wp-content\/uploads\/logo-woman-bg-900x900-1-300x300.png 300w, https:\/\/www.lysandetantramassage.se\/wp-content\/uploads\/logo-woman-bg-900x900-1-150x150.png 150w, https:\/\/www.lysandetantramassage.se\/wp-content\/uploads\/logo-woman-bg-900x900-1-768x768.png 768w\" sizes=\"(max-width: 800px) 100vw, 800px\" \/>\t\t\t\t\t\t\t\t\t\t\t\t\t\t\t<\/div>\n\t\t\t\t<\/div>\n\t\t\t\t\t<\/div>\n\t\t<\/div>\n\t\t\t\t\t<\/div>\n\t\t<\/section>\n\t\t\t\t<\/div>\n\t\t","protected":false},"excerpt":{"rendered":"<p>Den sensuella konsten att massera har praktiserats i \u00e5rhundraden och \u00e4r k\u00e4nd f\u00f6r sina avslappnande effekter med en touch av intimitet. Nuru-massage fokuserar p\u00e5 att st\u00e4rka njutning och lust s\u00e5 att par eller individer kan uppn\u00e5 ett tillfredsst\u00e4llande klimax p\u00e5 ett s\u00e5 trevligt s\u00e4tt som m\u00f6jligt. Nuru-massage kommer fr\u00e5n Japan, d\u00e4r ordet &#8221;nuru&#8221; betyder hal [&hellip;]<\/p>\n","protected":false},"author":1,"featured_media":0,"parent":2319,"menu_order":0,"comment_status":"closed","ping_status":"closed","template":"","meta":{"footnotes":""},"class_list":["post-2331","page","type-page","status-publish","hentry"],"_links":{"self":[{"href":"https:\/\/www.lysandetantramassage.se\/sv\/wp-json\/wp\/v2\/pages\/2331","targetHints":{"allow":["GET"]}}],"collection":[{"href":"https:\/\/www.lysandetantramassage.se\/sv\/wp-json\/wp\/v2\/pages"}],"about":[{"href":"https:\/\/www.lysandetantramassage.se\/sv\/wp-json\/wp\/v2\/types\/page"}],"author":[{"embeddable":true,"href":"https:\/\/www.lysandetantramassage.se\/sv\/wp-json\/wp\/v2\/users\/1"}],"replies":[{"embeddable":true,"href":"https:\/\/www.lysandetantramassage.se\/sv\/wp-json\/wp\/v2\/comments?post=2331"}],"version-history":[{"count":0,"href":"https:\/\/www.lysandetantramassage.se\/sv\/wp-json\/wp\/v2\/pages\/2331\/revisions"}],"up":[{"embeddable":true,"href":"https:\/\/www.lysandetantramassage.se\/sv\/wp-json\/wp\/v2\/pages\/2319"}],"wp:attachment":[{"href":"https:\/\/www.lysandetantramassage.se\/sv\/wp-json\/wp\/v2\/media?parent=2331"}],"curies":[{"name":"wp","href":"https:\/\/api.w.org\/{rel}","templated":true}]}}