{"id":2327,"date":"2021-05-12T07:50:48","date_gmt":"2021-05-12T06:50:48","guid":{"rendered":"https:\/\/www.lysandetantramassage.se\/tjanster\/tantrisk-massage-for-par"},"modified":"2021-05-12T07:50:48","modified_gmt":"2021-05-12T06:50:48","slug":"tantrisk-massage-for-par","status":"publish","type":"page","link":"https:\/\/www.lysandetantramassage.se\/sv\/tjanster\/tantrisk-massage-for-par","title":{"rendered":"Tantrisk massage f\u00f6r par"},"content":{"rendered":"\t\t<div data-elementor-type=\"wp-page\" data-elementor-id=\"2327\" class=\"elementor elementor-2327 elementor-656\" data-elementor-post-type=\"page\">\n\t\t\t\t\t\t<section class=\"elementor-section elementor-top-section elementor-element elementor-element-3774f37 elementor-section-boxed elementor-section-height-default elementor-section-height-default\" data-id=\"3774f37\" data-element_type=\"section\" data-e-type=\"section\" data-settings=\"{&quot;background_background&quot;:&quot;classic&quot;}\">\n\t\t\t\t\t\t<div class=\"elementor-container elementor-column-gap-default\">\n\t\t\t\t\t<div class=\"elementor-column elementor-col-100 elementor-top-column elementor-element elementor-element-a2a241c\" data-id=\"a2a241c\" data-element_type=\"column\" data-e-type=\"column\">\n\t\t\t<div class=\"elementor-widget-wrap elementor-element-populated\">\n\t\t\t\t\t\t<div class=\"elementor-element elementor-element-8862d03 elementor-align-center elementor-widget elementor-widget-breadcrumbs\" data-id=\"8862d03\" data-element_type=\"widget\" data-e-type=\"widget\" data-widget_type=\"breadcrumbs.default\">\n\t\t\t\t<div class=\"elementor-widget-container\">\n\t\t\t\t\t<p id=\"breadcrumbs\"><span><span><a href=\"https:\/\/www.lysandetantramassage.se\/sv\">Home<\/a><\/span><\/span><\/p>\t\t\t\t<\/div>\n\t\t\t\t<\/div>\n\t\t\t\t\t<\/div>\n\t\t<\/div>\n\t\t\t\t\t<\/div>\n\t\t<\/section>\n\t\t\t\t<section class=\"elementor-section elementor-top-section elementor-element elementor-element-2c3f7d7 elementor-section-boxed elementor-section-height-default elementor-section-height-default\" data-id=\"2c3f7d7\" data-element_type=\"section\" data-e-type=\"section\" data-settings=\"{&quot;background_background&quot;:&quot;classic&quot;}\">\n\t\t\t\t\t\t<div class=\"elementor-container elementor-column-gap-default\">\n\t\t\t\t\t<div class=\"elementor-column elementor-col-50 elementor-top-column elementor-element elementor-element-7955047\" data-id=\"7955047\" data-element_type=\"column\" data-e-type=\"column\">\n\t\t\t<div class=\"elementor-widget-wrap elementor-element-populated\">\n\t\t\t\t\t\t<div class=\"elementor-element elementor-element-ddfab51 elementor-widget elementor-widget-image\" data-id=\"ddfab51\" data-element_type=\"widget\" data-e-type=\"widget\" data-widget_type=\"image.default\">\n\t\t\t\t<div class=\"elementor-widget-container\">\n\t\t\t\t\t\t\t\t\t\t\t\t\t\t\t<img fetchpriority=\"high\" decoding=\"async\" width=\"800\" height=\"450\" src=\"https:\/\/www.lysandetantramassage.se\/wp-content\/uploads\/Tantra-Massage-for-pairs-x-900x506-1.jpg\" class=\"attachment-large size-large wp-image-2061\" alt=\"\" srcset=\"https:\/\/www.lysandetantramassage.se\/wp-content\/uploads\/Tantra-Massage-for-pairs-x-900x506-1.jpg 900w, https:\/\/www.lysandetantramassage.se\/wp-content\/uploads\/Tantra-Massage-for-pairs-x-900x506-1-300x169.jpg 300w, https:\/\/www.lysandetantramassage.se\/wp-content\/uploads\/Tantra-Massage-for-pairs-x-900x506-1-768x432.jpg 768w\" sizes=\"(max-width: 800px) 100vw, 800px\" \/>\t\t\t\t\t\t\t\t\t\t\t\t\t\t\t<\/div>\n\t\t\t\t<\/div>\n\t\t\t\t\t<\/div>\n\t\t<\/div>\n\t\t\t\t<div class=\"elementor-column elementor-col-50 elementor-top-column elementor-element elementor-element-4b8711d\" data-id=\"4b8711d\" data-element_type=\"column\" data-e-type=\"column\">\n\t\t\t<div class=\"elementor-widget-wrap elementor-element-populated\">\n\t\t\t\t\t\t<div class=\"elementor-element elementor-element-2419a16 elementor-widget elementor-widget-text-editor\" data-id=\"2419a16\" data-element_type=\"widget\" data-e-type=\"widget\" data-widget_type=\"text-editor.default\">\n\t\t\t\t<div class=\"elementor-widget-container\">\n\t\t\t\t\t\t\t\t\t<p>Under den tantriska massagen f\u00f6r par masseras du av tv\u00e5 mass\u00f6rer samtidigt. Du och din partner ligger bredvid varandra och b\u00e5da l\u00e5ter er ta hand om er. Massagen ges med stor respekt f\u00f6r dig som tv\u00e5 individer som vill uppt\u00e4cka n\u00e5got nytt f\u00f6r att berika ditt f\u00f6rh\u00e5llande och utveckla din k\u00e4rlek och respekt f\u00f6r varandra som partners. Kom och njut av en tantrisk massage med din partner, d\u00e4r du kan lossna och koppla av &#8230;<\/p>\n\t\t\t\t\t\t\t\t<\/div>\n\t\t\t\t<\/div>\n\t\t\t\t\t<\/div>\n\t\t<\/div>\n\t\t\t\t\t<\/div>\n\t\t<\/section>\n\t\t\t\t<section class=\"elementor-section elementor-top-section elementor-element elementor-element-32f3ff0 elementor-section-boxed elementor-section-height-default elementor-section-height-default\" data-id=\"32f3ff0\" data-element_type=\"section\" data-e-type=\"section\" data-settings=\"{&quot;background_background&quot;:&quot;classic&quot;}\">\n\t\t\t\t\t\t<div class=\"elementor-container elementor-column-gap-default\">\n\t\t\t\t\t<div class=\"elementor-column elementor-col-100 elementor-top-column elementor-element elementor-element-9a715c5\" data-id=\"9a715c5\" data-element_type=\"column\" data-e-type=\"column\">\n\t\t\t<div class=\"elementor-widget-wrap elementor-element-populated\">\n\t\t\t\t\t\t<div class=\"elementor-element elementor-element-db9190e elementor-align-center elementor-widget elementor-widget-button\" data-id=\"db9190e\" data-element_type=\"widget\" data-e-type=\"widget\" data-widget_type=\"button.default\">\n\t\t\t\t<div class=\"elementor-widget-container\">\n\t\t\t\t\t\t\t\t\t<div class=\"elementor-button-wrapper\">\n\t\t\t\t\t<a class=\"elementor-button elementor-button-link elementor-size-sm elementor-animation-grow\" href=\"https:\/\/www.lysandetantramassage.se\/sv\/kontakt\">\n\t\t\t\t\t\t<span class=\"elementor-button-content-wrapper\">\n\t\t\t\t\t\t\t\t\t<span class=\"elementor-button-text\">Reservation<\/span>\n\t\t\t\t\t<\/span>\n\t\t\t\t\t<\/a>\n\t\t\t\t<\/div>\n\t\t\t\t\t\t\t\t<\/div>\n\t\t\t\t<\/div>\n\t\t\t\t<div class=\"elementor-element elementor-element-3d03d2f elementor-widget elementor-widget-image\" data-id=\"3d03d2f\" data-element_type=\"widget\" data-e-type=\"widget\" data-widget_type=\"image.default\">\n\t\t\t\t<div class=\"elementor-widget-container\">\n\t\t\t\t\t\t\t\t\t\t\t\t\t\t\t<img decoding=\"async\" width=\"800\" height=\"800\" src=\"https:\/\/www.lysandetantramassage.se\/wp-content\/uploads\/logo-woman-bg-900x900-1.png\" class=\"attachment-large size-large wp-image-2164\" alt=\"\" srcset=\"https:\/\/www.lysandetantramassage.se\/wp-content\/uploads\/logo-woman-bg-900x900-1.png 900w, https:\/\/www.lysandetantramassage.se\/wp-content\/uploads\/logo-woman-bg-900x900-1-300x300.png 300w, https:\/\/www.lysandetantramassage.se\/wp-content\/uploads\/logo-woman-bg-900x900-1-150x150.png 150w, https:\/\/www.lysandetantramassage.se\/wp-content\/uploads\/logo-woman-bg-900x900-1-768x768.png 768w\" sizes=\"(max-width: 800px) 100vw, 800px\" \/>\t\t\t\t\t\t\t\t\t\t\t\t\t\t\t<\/div>\n\t\t\t\t<\/div>\n\t\t\t\t\t<\/div>\n\t\t<\/div>\n\t\t\t\t\t<\/div>\n\t\t<\/section>\n\t\t\t\t<\/div>\n\t\t","protected":false},"excerpt":{"rendered":"<p>Under den tantriska massagen f\u00f6r par masseras du av tv\u00e5 mass\u00f6rer samtidigt. Du och din partner ligger bredvid varandra och b\u00e5da l\u00e5ter er ta hand om er. Massagen ges med stor respekt f\u00f6r dig som tv\u00e5 individer som vill uppt\u00e4cka n\u00e5got nytt f\u00f6r att berika ditt f\u00f6rh\u00e5llande och utveckla din k\u00e4rlek och respekt f\u00f6r varandra [&hellip;]<\/p>\n","protected":false},"author":1,"featured_media":0,"parent":2319,"menu_order":0,"comment_status":"closed","ping_status":"closed","template":"","meta":{"footnotes":""},"class_list":["post-2327","page","type-page","status-publish","hentry"],"_links":{"self":[{"href":"https:\/\/www.lysandetantramassage.se\/sv\/wp-json\/wp\/v2\/pages\/2327","targetHints":{"allow":["GET"]}}],"collection":[{"href":"https:\/\/www.lysandetantramassage.se\/sv\/wp-json\/wp\/v2\/pages"}],"about":[{"href":"https:\/\/www.lysandetantramassage.se\/sv\/wp-json\/wp\/v2\/types\/page"}],"author":[{"embeddable":true,"href":"https:\/\/www.lysandetantramassage.se\/sv\/wp-json\/wp\/v2\/users\/1"}],"replies":[{"embeddable":true,"href":"https:\/\/www.lysandetantramassage.se\/sv\/wp-json\/wp\/v2\/comments?post=2327"}],"version-history":[{"count":0,"href":"https:\/\/www.lysandetantramassage.se\/sv\/wp-json\/wp\/v2\/pages\/2327\/revisions"}],"up":[{"embeddable":true,"href":"https:\/\/www.lysandetantramassage.se\/sv\/wp-json\/wp\/v2\/pages\/2319"}],"wp:attachment":[{"href":"https:\/\/www.lysandetantramassage.se\/sv\/wp-json\/wp\/v2\/media?parent=2327"}],"curies":[{"name":"wp","href":"https:\/\/api.w.org\/{rel}","templated":true}]}}