{"id":2325,"date":"2021-05-12T07:50:27","date_gmt":"2021-05-12T06:50:27","guid":{"rendered":"https:\/\/www.lysandetantramassage.se\/tjanster\/tantrisk-massage-for-kvinnor"},"modified":"2021-05-12T07:50:27","modified_gmt":"2021-05-12T06:50:27","slug":"tantrisk-massage-for-kvinnor","status":"publish","type":"page","link":"https:\/\/www.lysandetantramassage.se\/sv\/tjanster\/tantrisk-massage-for-kvinnor","title":{"rendered":"Tantrisk massage f\u00f6r kvinnor"},"content":{"rendered":"\t\t<div data-elementor-type=\"wp-page\" data-elementor-id=\"2325\" class=\"elementor elementor-2325 elementor-654\" data-elementor-post-type=\"page\">\n\t\t\t\t\t\t<section class=\"elementor-section elementor-top-section elementor-element elementor-element-6873cbb elementor-section-boxed elementor-section-height-default elementor-section-height-default\" data-id=\"6873cbb\" data-element_type=\"section\" data-e-type=\"section\" data-settings=\"{&quot;background_background&quot;:&quot;classic&quot;}\">\n\t\t\t\t\t\t<div class=\"elementor-container elementor-column-gap-default\">\n\t\t\t\t\t<div class=\"elementor-column elementor-col-100 elementor-top-column elementor-element elementor-element-0cd243b\" data-id=\"0cd243b\" data-element_type=\"column\" data-e-type=\"column\">\n\t\t\t<div class=\"elementor-widget-wrap elementor-element-populated\">\n\t\t\t\t\t\t<div class=\"elementor-element elementor-element-d67ce96 elementor-align-center elementor-widget elementor-widget-breadcrumbs\" data-id=\"d67ce96\" data-element_type=\"widget\" data-e-type=\"widget\" data-widget_type=\"breadcrumbs.default\">\n\t\t\t\t<div class=\"elementor-widget-container\">\n\t\t\t\t\t<p id=\"breadcrumbs\"><span><span><a href=\"https:\/\/www.lysandetantramassage.se\/sv\">Home<\/a><\/span><\/span><\/p>\t\t\t\t<\/div>\n\t\t\t\t<\/div>\n\t\t\t\t\t<\/div>\n\t\t<\/div>\n\t\t\t\t\t<\/div>\n\t\t<\/section>\n\t\t\t\t<section class=\"elementor-section elementor-top-section elementor-element elementor-element-1e166ef elementor-section-boxed elementor-section-height-default elementor-section-height-default\" data-id=\"1e166ef\" data-element_type=\"section\" data-e-type=\"section\" data-settings=\"{&quot;background_background&quot;:&quot;classic&quot;}\">\n\t\t\t\t\t\t<div class=\"elementor-container elementor-column-gap-default\">\n\t\t\t\t\t<div class=\"elementor-column elementor-col-50 elementor-top-column elementor-element elementor-element-f82971f\" data-id=\"f82971f\" data-element_type=\"column\" data-e-type=\"column\">\n\t\t\t<div class=\"elementor-widget-wrap elementor-element-populated\">\n\t\t\t\t\t\t<div class=\"elementor-element elementor-element-aa87d49 elementor-widget elementor-widget-image\" data-id=\"aa87d49\" data-element_type=\"widget\" data-e-type=\"widget\" data-widget_type=\"image.default\">\n\t\t\t\t<div class=\"elementor-widget-container\">\n\t\t\t\t\t\t\t\t\t\t\t\t\t\t\t<img fetchpriority=\"high\" decoding=\"async\" width=\"800\" height=\"450\" src=\"https:\/\/www.lysandetantramassage.se\/wp-content\/uploads\/services-Massage-for-women-900x506-1.jpg\" class=\"attachment-large size-large wp-image-670\" alt=\"\" srcset=\"https:\/\/www.lysandetantramassage.se\/wp-content\/uploads\/services-Massage-for-women-900x506-1.jpg 900w, https:\/\/www.lysandetantramassage.se\/wp-content\/uploads\/services-Massage-for-women-900x506-1-300x169.jpg 300w, https:\/\/www.lysandetantramassage.se\/wp-content\/uploads\/services-Massage-for-women-900x506-1-768x432.jpg 768w\" sizes=\"(max-width: 800px) 100vw, 800px\" \/>\t\t\t\t\t\t\t\t\t\t\t\t\t\t\t<\/div>\n\t\t\t\t<\/div>\n\t\t\t\t\t<\/div>\n\t\t<\/div>\n\t\t\t\t<div class=\"elementor-column elementor-col-50 elementor-top-column elementor-element elementor-element-c9a4f33\" data-id=\"c9a4f33\" data-element_type=\"column\" data-e-type=\"column\">\n\t\t\t<div class=\"elementor-widget-wrap elementor-element-populated\">\n\t\t\t\t\t\t<div class=\"elementor-element elementor-element-09764cd elementor-widget elementor-widget-text-editor\" data-id=\"09764cd\" data-element_type=\"widget\" data-e-type=\"widget\" data-widget_type=\"text-editor.default\">\n\t\t\t\t<div class=\"elementor-widget-container\">\n\t\t\t\t\t\t\t\t\t<p>Varje kvinna l\u00e4ngtar i hemlighet efter att bli \u00f6verfylld med k\u00e4rlek, omsorg och uppm\u00e4rksamhet. Hon vill bli bortsk\u00e4md och r\u00f6rd p\u00e5 ett s\u00e4tt som f\u00e5r henne att f\u00f6rlora sig medan hon upplever sin kvinnliga styrka och gl\u00e4djen \u00f6ver den upphetsade energi som bara tillh\u00f6r henne. Men kvinnor m\u00f6ter ofta partners som saknar tillr\u00e4ckligt med t\u00e5lamod f\u00f6r att utforska och uppt\u00e4cka sina kroppar, och d\u00e4rf\u00f6r \u00e4r kvinnor ofta omedvetna om allt deras kroppar kan erbjuda dem. Tantrisk massage leder dig djupt in i dina k\u00e4nslor och till en djup avkoppling av hela din kropp och sj\u00e4l. Det kommer att \u00f6verfylla dig med \u00f6mhet och en upphetsning som du kanske aldrig tidigare har upplevt. Bland andra kan en del av den tantriska massagen inkludera den intima massagen av yoni och b\u00e4ckenbotten. Alternativt kan du uppleva denna sensuella ritual som hedrar din kropp utan denna massage. Kontakt under massagen \u00e4r s\u00e4ker och icke-p\u00e5tr\u00e4ngande. Massagen f\u00f6ljer dina k\u00e4nslor och gr\u00e4nser &#8230;<\/p>\n\t\t\t\t\t\t\t\t<\/div>\n\t\t\t\t<\/div>\n\t\t\t\t\t<\/div>\n\t\t<\/div>\n\t\t\t\t\t<\/div>\n\t\t<\/section>\n\t\t\t\t<section class=\"elementor-section elementor-top-section elementor-element elementor-element-99d517b elementor-section-boxed elementor-section-height-default elementor-section-height-default\" data-id=\"99d517b\" data-element_type=\"section\" data-e-type=\"section\" data-settings=\"{&quot;background_background&quot;:&quot;classic&quot;}\">\n\t\t\t\t\t\t<div class=\"elementor-container elementor-column-gap-default\">\n\t\t\t\t\t<div class=\"elementor-column elementor-col-100 elementor-top-column elementor-element elementor-element-e3b57b2\" data-id=\"e3b57b2\" data-element_type=\"column\" data-e-type=\"column\">\n\t\t\t<div class=\"elementor-widget-wrap elementor-element-populated\">\n\t\t\t\t\t\t<div class=\"elementor-element elementor-element-9a9a2bc elementor-align-center elementor-widget elementor-widget-button\" data-id=\"9a9a2bc\" data-element_type=\"widget\" data-e-type=\"widget\" data-widget_type=\"button.default\">\n\t\t\t\t<div class=\"elementor-widget-container\">\n\t\t\t\t\t\t\t\t\t<div class=\"elementor-button-wrapper\">\n\t\t\t\t\t<a class=\"elementor-button elementor-button-link elementor-size-sm elementor-animation-grow\" href=\"https:\/\/www.lysandetantramassage.se\/sv\/kontakt\">\n\t\t\t\t\t\t<span class=\"elementor-button-content-wrapper\">\n\t\t\t\t\t\t\t\t\t<span class=\"elementor-button-text\">Reservation<\/span>\n\t\t\t\t\t<\/span>\n\t\t\t\t\t<\/a>\n\t\t\t\t<\/div>\n\t\t\t\t\t\t\t\t<\/div>\n\t\t\t\t<\/div>\n\t\t\t\t<div class=\"elementor-element elementor-element-989e79c elementor-widget elementor-widget-image\" data-id=\"989e79c\" data-element_type=\"widget\" data-e-type=\"widget\" data-widget_type=\"image.default\">\n\t\t\t\t<div class=\"elementor-widget-container\">\n\t\t\t\t\t\t\t\t\t\t\t\t\t\t\t<img decoding=\"async\" width=\"800\" height=\"800\" src=\"https:\/\/www.lysandetantramassage.se\/wp-content\/uploads\/logo-woman-bg-900x900-1.png\" class=\"attachment-large size-large wp-image-2164\" alt=\"\" srcset=\"https:\/\/www.lysandetantramassage.se\/wp-content\/uploads\/logo-woman-bg-900x900-1.png 900w, https:\/\/www.lysandetantramassage.se\/wp-content\/uploads\/logo-woman-bg-900x900-1-300x300.png 300w, https:\/\/www.lysandetantramassage.se\/wp-content\/uploads\/logo-woman-bg-900x900-1-150x150.png 150w, https:\/\/www.lysandetantramassage.se\/wp-content\/uploads\/logo-woman-bg-900x900-1-768x768.png 768w\" sizes=\"(max-width: 800px) 100vw, 800px\" \/>\t\t\t\t\t\t\t\t\t\t\t\t\t\t\t<\/div>\n\t\t\t\t<\/div>\n\t\t\t\t\t<\/div>\n\t\t<\/div>\n\t\t\t\t\t<\/div>\n\t\t<\/section>\n\t\t\t\t<\/div>\n\t\t","protected":false},"excerpt":{"rendered":"<p>Varje kvinna l\u00e4ngtar i hemlighet efter att bli \u00f6verfylld med k\u00e4rlek, omsorg och uppm\u00e4rksamhet. Hon vill bli bortsk\u00e4md och r\u00f6rd p\u00e5 ett s\u00e4tt som f\u00e5r henne att f\u00f6rlora sig medan hon upplever sin kvinnliga styrka och gl\u00e4djen \u00f6ver den upphetsade energi som bara tillh\u00f6r henne. Men kvinnor m\u00f6ter ofta partners som saknar tillr\u00e4ckligt med t\u00e5lamod [&hellip;]<\/p>\n","protected":false},"author":1,"featured_media":0,"parent":2319,"menu_order":0,"comment_status":"closed","ping_status":"closed","template":"","meta":{"footnotes":""},"class_list":["post-2325","page","type-page","status-publish","hentry"],"_links":{"self":[{"href":"https:\/\/www.lysandetantramassage.se\/sv\/wp-json\/wp\/v2\/pages\/2325","targetHints":{"allow":["GET"]}}],"collection":[{"href":"https:\/\/www.lysandetantramassage.se\/sv\/wp-json\/wp\/v2\/pages"}],"about":[{"href":"https:\/\/www.lysandetantramassage.se\/sv\/wp-json\/wp\/v2\/types\/page"}],"author":[{"embeddable":true,"href":"https:\/\/www.lysandetantramassage.se\/sv\/wp-json\/wp\/v2\/users\/1"}],"replies":[{"embeddable":true,"href":"https:\/\/www.lysandetantramassage.se\/sv\/wp-json\/wp\/v2\/comments?post=2325"}],"version-history":[{"count":0,"href":"https:\/\/www.lysandetantramassage.se\/sv\/wp-json\/wp\/v2\/pages\/2325\/revisions"}],"up":[{"embeddable":true,"href":"https:\/\/www.lysandetantramassage.se\/sv\/wp-json\/wp\/v2\/pages\/2319"}],"wp:attachment":[{"href":"https:\/\/www.lysandetantramassage.se\/sv\/wp-json\/wp\/v2\/media?parent=2325"}],"curies":[{"name":"wp","href":"https:\/\/api.w.org\/{rel}","templated":true}]}}