{"id":4150,"date":"2021-08-12T10:26:38","date_gmt":"2021-08-12T09:26:38","guid":{"rendered":"https:\/\/www.lysandetantramassage.se\/tjenester"},"modified":"2022-03-31T18:46:37","modified_gmt":"2022-03-31T17:46:37","slug":"tjenester","status":"publish","type":"page","link":"https:\/\/www.lysandetantramassage.se\/no\/tjenester","title":{"rendered":"Tjenester"},"content":{"rendered":"\t\t<div data-elementor-type=\"wp-page\" data-elementor-id=\"4150\" class=\"elementor elementor-4150 elementor-353\" data-elementor-post-type=\"page\">\n\t\t\t\t\t\t<section class=\"elementor-section elementor-top-section elementor-element elementor-element-9462c6a elementor-section-boxed elementor-section-height-default elementor-section-height-default\" data-id=\"9462c6a\" data-element_type=\"section\" data-e-type=\"section\" data-settings=\"{&quot;background_background&quot;:&quot;classic&quot;}\">\n\t\t\t\t\t\t<div class=\"elementor-container elementor-column-gap-default\">\n\t\t\t\t\t<div class=\"elementor-column elementor-col-100 elementor-top-column elementor-element elementor-element-39549d3\" data-id=\"39549d3\" data-element_type=\"column\" data-e-type=\"column\">\n\t\t\t<div class=\"elementor-widget-wrap elementor-element-populated\">\n\t\t\t\t\t\t<div class=\"elementor-element elementor-element-b7abdf2 elementor-widget elementor-widget-heading\" data-id=\"b7abdf2\" data-element_type=\"widget\" data-e-type=\"widget\" data-widget_type=\"heading.default\">\n\t\t\t\t<div class=\"elementor-widget-container\">\n\t\t\t\t\t<h1 class=\"elementor-heading-title elementor-size-default\">Tjenester<\/h1>\t\t\t\t<\/div>\n\t\t\t\t<\/div>\n\t\t\t\t\t<\/div>\n\t\t<\/div>\n\t\t\t\t\t<\/div>\n\t\t<\/section>\n\t\t\t\t<section class=\"elementor-section elementor-top-section elementor-element elementor-element-5c97df3 elementor-section-boxed elementor-section-height-default elementor-section-height-default\" data-id=\"5c97df3\" data-element_type=\"section\" data-e-type=\"section\" data-settings=\"{&quot;background_background&quot;:&quot;classic&quot;}\">\n\t\t\t\t\t\t<div class=\"elementor-container elementor-column-gap-default\">\n\t\t\t\t\t<div class=\"elementor-column elementor-col-33 elementor-top-column elementor-element elementor-element-287d619\" data-id=\"287d619\" data-element_type=\"column\" data-e-type=\"column\">\n\t\t\t<div class=\"elementor-widget-wrap elementor-element-populated\">\n\t\t\t\t\t\t<div class=\"elementor-element elementor-element-c7b4876 elementor-widget elementor-widget-image\" data-id=\"c7b4876\" data-element_type=\"widget\" data-e-type=\"widget\" data-widget_type=\"image.default\">\n\t\t\t\t<div class=\"elementor-widget-container\">\n\t\t\t\t\t\t\t\t\t\t\t\t\t\t\t\t<a href=\"https:\/\/www.lysandetantramassage.se\/services\/tantric-massage-for-men\">\n\t\t\t\t\t\t\t<img fetchpriority=\"high\" decoding=\"async\" width=\"800\" height=\"450\" src=\"https:\/\/www.lysandetantramassage.se\/wp-content\/uploads\/services-tantric-massage-900x506-1.jpg\" class=\"attachment-large size-large wp-image-3571\" alt=\"\" srcset=\"https:\/\/www.lysandetantramassage.se\/wp-content\/uploads\/services-tantric-massage-900x506-1.jpg 900w, https:\/\/www.lysandetantramassage.se\/wp-content\/uploads\/services-tantric-massage-900x506-1-300x169.jpg 300w, https:\/\/www.lysandetantramassage.se\/wp-content\/uploads\/services-tantric-massage-900x506-1-768x432.jpg 768w\" sizes=\"(max-width: 800px) 100vw, 800px\" \/>\t\t\t\t\t\t\t\t<\/a>\n\t\t\t\t\t\t\t\t\t\t\t\t\t\t\t<\/div>\n\t\t\t\t<\/div>\n\t\t\t\t<div class=\"elementor-element elementor-element-b140ebd elementor-widget elementor-widget-heading\" data-id=\"b140ebd\" data-element_type=\"widget\" data-e-type=\"widget\" data-widget_type=\"heading.default\">\n\t\t\t\t<div class=\"elementor-widget-container\">\n\t\t\t\t\t<h5 class=\"elementor-heading-title elementor-size-default\"><a href=\"https:\/\/www.lysandetantramassage.se\/services\/tantric-massage-for-men\">Tantrisk massasje for menn<\/a><\/h5>\t\t\t\t<\/div>\n\t\t\t\t<\/div>\n\t\t\t\t\t<\/div>\n\t\t<\/div>\n\t\t\t\t<div class=\"elementor-column elementor-col-33 elementor-top-column elementor-element elementor-element-5913e0f\" data-id=\"5913e0f\" data-element_type=\"column\" data-e-type=\"column\">\n\t\t\t<div class=\"elementor-widget-wrap elementor-element-populated\">\n\t\t\t\t\t\t<div class=\"elementor-element elementor-element-0752217 elementor-widget elementor-widget-image\" data-id=\"0752217\" data-element_type=\"widget\" data-e-type=\"widget\" data-widget_type=\"image.default\">\n\t\t\t\t<div class=\"elementor-widget-container\">\n\t\t\t\t\t\t\t\t\t\t\t\t\t\t\t\t<a href=\"https:\/\/www.lysandetantramassage.se\/services\/nuru-massage\">\n\t\t\t\t\t\t\t<img decoding=\"async\" width=\"800\" height=\"450\" src=\"https:\/\/www.lysandetantramassage.se\/wp-content\/uploads\/Services-Nuru-Massage-x-900x506-1.jpg\" class=\"attachment-large size-large wp-image-3582\" alt=\"\" srcset=\"https:\/\/www.lysandetantramassage.se\/wp-content\/uploads\/Services-Nuru-Massage-x-900x506-1.jpg 900w, https:\/\/www.lysandetantramassage.se\/wp-content\/uploads\/Services-Nuru-Massage-x-900x506-1-300x169.jpg 300w, https:\/\/www.lysandetantramassage.se\/wp-content\/uploads\/Services-Nuru-Massage-x-900x506-1-768x432.jpg 768w\" sizes=\"(max-width: 800px) 100vw, 800px\" \/>\t\t\t\t\t\t\t\t<\/a>\n\t\t\t\t\t\t\t\t\t\t\t\t\t\t\t<\/div>\n\t\t\t\t<\/div>\n\t\t\t\t<div class=\"elementor-element elementor-element-e6888a1 elementor-widget elementor-widget-heading\" data-id=\"e6888a1\" data-element_type=\"widget\" data-e-type=\"widget\" data-widget_type=\"heading.default\">\n\t\t\t\t<div class=\"elementor-widget-container\">\n\t\t\t\t\t<h5 class=\"elementor-heading-title elementor-size-default\"><a href=\"https:\/\/www.lysandetantramassage.se\/services\/nuru-massage\">Nuru massasje<\/a><\/h5>\t\t\t\t<\/div>\n\t\t\t\t<\/div>\n\t\t\t\t\t<\/div>\n\t\t<\/div>\n\t\t\t\t<div class=\"elementor-column elementor-col-33 elementor-top-column elementor-element elementor-element-0493bf6\" data-id=\"0493bf6\" data-element_type=\"column\" data-e-type=\"column\">\n\t\t\t<div class=\"elementor-widget-wrap elementor-element-populated\">\n\t\t\t\t\t\t<div class=\"elementor-element elementor-element-d69386c elementor-widget elementor-widget-image\" data-id=\"d69386c\" data-element_type=\"widget\" data-e-type=\"widget\" data-widget_type=\"image.default\">\n\t\t\t\t<div class=\"elementor-widget-container\">\n\t\t\t\t\t\t\t\t\t\t\t\t\t\t\t\t<a href=\"https:\/\/www.lysandetantramassage.se\/services\/tantric-massage-for-women\">\n\t\t\t\t\t\t\t<img decoding=\"async\" width=\"800\" height=\"450\" src=\"https:\/\/www.lysandetantramassage.se\/wp-content\/uploads\/services-Massage-for-women-900x506-1.jpg\" class=\"attachment-large size-large wp-image-3575\" alt=\"\" srcset=\"https:\/\/www.lysandetantramassage.se\/wp-content\/uploads\/services-Massage-for-women-900x506-1.jpg 900w, https:\/\/www.lysandetantramassage.se\/wp-content\/uploads\/services-Massage-for-women-900x506-1-300x169.jpg 300w, https:\/\/www.lysandetantramassage.se\/wp-content\/uploads\/services-Massage-for-women-900x506-1-768x432.jpg 768w\" sizes=\"(max-width: 800px) 100vw, 800px\" \/>\t\t\t\t\t\t\t\t<\/a>\n\t\t\t\t\t\t\t\t\t\t\t\t\t\t\t<\/div>\n\t\t\t\t<\/div>\n\t\t\t\t<div class=\"elementor-element elementor-element-09c763b elementor-widget elementor-widget-heading\" data-id=\"09c763b\" data-element_type=\"widget\" data-e-type=\"widget\" data-widget_type=\"heading.default\">\n\t\t\t\t<div class=\"elementor-widget-container\">\n\t\t\t\t\t<h5 class=\"elementor-heading-title elementor-size-default\"><a href=\"https:\/\/www.lysandetantramassage.se\/services\/tantric-massage-for-women\">Tantrisk massasje for kvinner<\/a><\/h5>\t\t\t\t<\/div>\n\t\t\t\t<\/div>\n\t\t\t\t\t<\/div>\n\t\t<\/div>\n\t\t\t\t\t<\/div>\n\t\t<\/section>\n\t\t\t\t<section class=\"elementor-section elementor-top-section elementor-element elementor-element-7eae631 elementor-section-content-middle elementor-section-boxed elementor-section-height-default elementor-section-height-default\" data-id=\"7eae631\" data-element_type=\"section\" data-e-type=\"section\" data-settings=\"{&quot;background_background&quot;:&quot;classic&quot;}\">\n\t\t\t\t\t\t<div class=\"elementor-container elementor-column-gap-default\">\n\t\t\t\t\t<div class=\"elementor-column elementor-col-33 elementor-top-column elementor-element elementor-element-4d619b9\" data-id=\"4d619b9\" data-element_type=\"column\" data-e-type=\"column\">\n\t\t\t<div class=\"elementor-widget-wrap elementor-element-populated\">\n\t\t\t\t\t\t<div class=\"elementor-element elementor-element-eab8dd2 elementor-widget elementor-widget-image\" data-id=\"eab8dd2\" data-element_type=\"widget\" data-e-type=\"widget\" data-widget_type=\"image.default\">\n\t\t\t\t<div class=\"elementor-widget-container\">\n\t\t\t\t\t\t\t\t\t\t\t\t\t\t\t\t<a href=\"https:\/\/www.lysandetantramassage.se\/services\/tantric-massage-for-couples\">\n\t\t\t\t\t\t\t<img loading=\"lazy\" decoding=\"async\" width=\"800\" height=\"450\" src=\"https:\/\/www.lysandetantramassage.se\/wp-content\/uploads\/Tantra-Massage-for-pairs-x-900x506-1.jpg\" class=\"attachment-large size-large wp-image-4156\" alt=\"\" srcset=\"https:\/\/www.lysandetantramassage.se\/wp-content\/uploads\/Tantra-Massage-for-pairs-x-900x506-1.jpg 900w, https:\/\/www.lysandetantramassage.se\/wp-content\/uploads\/Tantra-Massage-for-pairs-x-900x506-1-300x169.jpg 300w, https:\/\/www.lysandetantramassage.se\/wp-content\/uploads\/Tantra-Massage-for-pairs-x-900x506-1-768x432.jpg 768w\" sizes=\"(max-width: 800px) 100vw, 800px\" \/>\t\t\t\t\t\t\t\t<\/a>\n\t\t\t\t\t\t\t\t\t\t\t\t\t\t\t<\/div>\n\t\t\t\t<\/div>\n\t\t\t\t<div class=\"elementor-element elementor-element-cce49ca elementor-widget elementor-widget-heading\" data-id=\"cce49ca\" data-element_type=\"widget\" data-e-type=\"widget\" data-widget_type=\"heading.default\">\n\t\t\t\t<div class=\"elementor-widget-container\">\n\t\t\t\t\t<h5 class=\"elementor-heading-title elementor-size-default\"><a href=\"https:\/\/www.lysandetantramassage.se\/services\/tantric-massage-for-couples\">Tantrisk massasje for par<\/a><\/h5>\t\t\t\t<\/div>\n\t\t\t\t<\/div>\n\t\t\t\t\t<\/div>\n\t\t<\/div>\n\t\t\t\t<div class=\"elementor-column elementor-col-33 elementor-top-column elementor-element elementor-element-97c855b\" data-id=\"97c855b\" data-element_type=\"column\" data-e-type=\"column\">\n\t\t\t<div class=\"elementor-widget-wrap elementor-element-populated\">\n\t\t\t\t\t\t<div class=\"elementor-element elementor-element-488dd60 elementor-widget elementor-widget-image\" data-id=\"488dd60\" data-element_type=\"widget\" data-e-type=\"widget\" data-widget_type=\"image.default\">\n\t\t\t\t<div class=\"elementor-widget-container\">\n\t\t\t\t\t\t\t\t\t\t\t\t\t\t\t\t<a href=\"https:\/\/www.lysandetantramassage.se\/services\/four-hand-tantric-massage\">\n\t\t\t\t\t\t\t<img loading=\"lazy\" decoding=\"async\" width=\"800\" height=\"450\" src=\"https:\/\/www.lysandetantramassage.se\/wp-content\/uploads\/Four-hand-tantra-massage-900x506-1.jpg\" class=\"attachment-large size-large wp-image-3588\" alt=\"\" srcset=\"https:\/\/www.lysandetantramassage.se\/wp-content\/uploads\/Four-hand-tantra-massage-900x506-1.jpg 900w, https:\/\/www.lysandetantramassage.se\/wp-content\/uploads\/Four-hand-tantra-massage-900x506-1-300x169.jpg 300w, https:\/\/www.lysandetantramassage.se\/wp-content\/uploads\/Four-hand-tantra-massage-900x506-1-768x432.jpg 768w\" sizes=\"(max-width: 800px) 100vw, 800px\" \/>\t\t\t\t\t\t\t\t<\/a>\n\t\t\t\t\t\t\t\t\t\t\t\t\t\t\t<\/div>\n\t\t\t\t<\/div>\n\t\t\t\t<div class=\"elementor-element elementor-element-8deca29 elementor-widget elementor-widget-heading\" data-id=\"8deca29\" data-element_type=\"widget\" data-e-type=\"widget\" data-widget_type=\"heading.default\">\n\t\t\t\t<div class=\"elementor-widget-container\">\n\t\t\t\t\t<h5 class=\"elementor-heading-title elementor-size-default\"><a href=\"https:\/\/www.lysandetantramassage.se\/services\/four-hand-tantric-massage\">Firehands tantrisk massasje<\/a><\/h5>\t\t\t\t<\/div>\n\t\t\t\t<\/div>\n\t\t\t\t\t<\/div>\n\t\t<\/div>\n\t\t\t\t<div class=\"elementor-column elementor-col-33 elementor-top-column elementor-element elementor-element-e289127\" data-id=\"e289127\" data-element_type=\"column\" data-e-type=\"column\">\n\t\t\t<div class=\"elementor-widget-wrap\">\n\t\t\t\t\t\t\t<\/div>\n\t\t<\/div>\n\t\t\t\t\t<\/div>\n\t\t<\/section>\n\t\t\t\t<section class=\"elementor-section elementor-top-section elementor-element elementor-element-2c212fb elementor-section-content-middle elementor-section-boxed elementor-section-height-default elementor-section-height-default\" data-id=\"2c212fb\" data-element_type=\"section\" data-e-type=\"section\" data-settings=\"{&quot;background_background&quot;:&quot;classic&quot;}\">\n\t\t\t\t\t\t<div class=\"elementor-container elementor-column-gap-default\">\n\t\t\t\t\t<div class=\"elementor-column elementor-col-50 elementor-top-column elementor-element elementor-element-9f04165\" data-id=\"9f04165\" data-element_type=\"column\" data-e-type=\"column\" data-settings=\"{&quot;background_background&quot;:&quot;classic&quot;}\">\n\t\t\t<div class=\"elementor-widget-wrap elementor-element-populated\">\n\t\t\t\t\t\t<div class=\"elementor-element elementor-element-2fc82ed elementor-widget elementor-widget-heading\" data-id=\"2fc82ed\" data-element_type=\"widget\" data-e-type=\"widget\" data-widget_type=\"heading.default\">\n\t\t\t\t<div class=\"elementor-widget-container\">\n\t\t\t\t\t<h3 class=\"elementor-heading-title elementor-size-default\">Hva er tantrisk massasje?<\/h3>\t\t\t\t<\/div>\n\t\t\t\t<\/div>\n\t\t\t\t<div class=\"elementor-element elementor-element-5008a5c elementor-widget elementor-widget-text-editor\" data-id=\"5008a5c\" data-element_type=\"widget\" data-e-type=\"widget\" data-widget_type=\"text-editor.default\">\n\t\t\t\t<div class=\"elementor-widget-container\">\n\t\t\t\t\t\t\t\t\t<p>Tantrisk massasje er et unikt og sofistikert ritual som stammer fra tantrisk filosofi og prinsipper, som blir stadig mer popul\u00e6rt blant menn, kvinner og par over hele verden. Det er en invitasjon til verden av fysisk sensualitet, forsiktig omsorg og den spennende oppdagelsen av nye erotiske opplevelser. Det er en m\u00e5te \u00e5 ta et skritt forbi dagliglivets grenser og fullt ut vie deg til n\u00e5tiden.<\/p>\n\t\t\t\t\t\t\t\t<\/div>\n\t\t\t\t<\/div>\n\t\t\t\t\t<\/div>\n\t\t<\/div>\n\t\t\t\t<div class=\"elementor-column elementor-col-50 elementor-top-column elementor-element elementor-element-8bc0410\" data-id=\"8bc0410\" data-element_type=\"column\" data-e-type=\"column\">\n\t\t\t<div class=\"elementor-widget-wrap elementor-element-populated\">\n\t\t\t\t\t\t<div class=\"elementor-element elementor-element-6425e1d elementor-widget elementor-widget-image\" data-id=\"6425e1d\" data-element_type=\"widget\" data-e-type=\"widget\" data-widget_type=\"image.default\">\n\t\t\t\t<div class=\"elementor-widget-container\">\n\t\t\t\t\t\t\t\t\t\t\t\t\t\t\t<img loading=\"lazy\" decoding=\"async\" width=\"600\" height=\"600\" src=\"https:\/\/www.lysandetantramassage.se\/wp-content\/uploads\/salon-1-600x600-1.jpg\" class=\"attachment-large size-large wp-image-3561\" alt=\"\" srcset=\"https:\/\/www.lysandetantramassage.se\/wp-content\/uploads\/salon-1-600x600-1.jpg 600w, https:\/\/www.lysandetantramassage.se\/wp-content\/uploads\/salon-1-600x600-1-300x300.jpg 300w, https:\/\/www.lysandetantramassage.se\/wp-content\/uploads\/salon-1-600x600-1-150x150.jpg 150w\" sizes=\"(max-width: 600px) 100vw, 600px\" \/>\t\t\t\t\t\t\t\t\t\t\t\t\t\t\t<\/div>\n\t\t\t\t<\/div>\n\t\t\t\t\t<\/div>\n\t\t<\/div>\n\t\t\t\t\t<\/div>\n\t\t<\/section>\n\t\t\t\t<section class=\"elementor-section elementor-top-section elementor-element elementor-element-c5069cb elementor-section-content-middle elementor-reverse-mobile elementor-section-boxed elementor-section-height-default elementor-section-height-default\" data-id=\"c5069cb\" data-element_type=\"section\" data-e-type=\"section\" data-settings=\"{&quot;background_background&quot;:&quot;classic&quot;}\">\n\t\t\t\t\t\t<div class=\"elementor-container elementor-column-gap-default\">\n\t\t\t\t\t<div class=\"elementor-column elementor-col-50 elementor-top-column elementor-element elementor-element-1995a9a\" data-id=\"1995a9a\" data-element_type=\"column\" data-e-type=\"column\">\n\t\t\t<div class=\"elementor-widget-wrap elementor-element-populated\">\n\t\t\t\t\t\t<div class=\"elementor-element elementor-element-4c8cfd1 elementor-widget elementor-widget-image\" data-id=\"4c8cfd1\" data-element_type=\"widget\" data-e-type=\"widget\" data-widget_type=\"image.default\">\n\t\t\t\t<div class=\"elementor-widget-container\">\n\t\t\t\t\t\t\t\t\t\t\t\t\t\t\t<img loading=\"lazy\" decoding=\"async\" width=\"800\" height=\"800\" src=\"https:\/\/www.lysandetantramassage.se\/wp-content\/uploads\/logo-woman-bg-900x900-1.png\" class=\"attachment-large size-large wp-image-3572\" alt=\"\" srcset=\"https:\/\/www.lysandetantramassage.se\/wp-content\/uploads\/logo-woman-bg-900x900-1.png 900w, https:\/\/www.lysandetantramassage.se\/wp-content\/uploads\/logo-woman-bg-900x900-1-300x300.png 300w, https:\/\/www.lysandetantramassage.se\/wp-content\/uploads\/logo-woman-bg-900x900-1-150x150.png 150w, https:\/\/www.lysandetantramassage.se\/wp-content\/uploads\/logo-woman-bg-900x900-1-768x768.png 768w\" sizes=\"(max-width: 800px) 100vw, 800px\" \/>\t\t\t\t\t\t\t\t\t\t\t\t\t\t\t<\/div>\n\t\t\t\t<\/div>\n\t\t\t\t\t<\/div>\n\t\t<\/div>\n\t\t\t\t<div class=\"elementor-column elementor-col-50 elementor-top-column elementor-element elementor-element-6c20f2f\" data-id=\"6c20f2f\" data-element_type=\"column\" data-e-type=\"column\">\n\t\t\t<div class=\"elementor-widget-wrap elementor-element-populated\">\n\t\t\t\t\t\t<div class=\"elementor-element elementor-element-ad962bc elementor-widget elementor-widget-heading\" data-id=\"ad962bc\" data-element_type=\"widget\" data-e-type=\"widget\" data-widget_type=\"heading.default\">\n\t\t\t\t<div class=\"elementor-widget-container\">\n\t\t\t\t\t<h3 class=\"elementor-heading-title elementor-size-default\">Rituell namaste<\/h3>\t\t\t\t<\/div>\n\t\t\t\t<\/div>\n\t\t\t\t<div class=\"elementor-element elementor-element-a3984d8 elementor-widget elementor-widget-text-editor\" data-id=\"a3984d8\" data-element_type=\"widget\" data-e-type=\"widget\" data-widget_type=\"text-editor.default\">\n\t\t\t\t<div class=\"elementor-widget-container\">\n\t\t\t\t\t\t\t\t\t<p>Tantrisk massasje har sine egne regler, metoder og m\u00e5l. Det begynner alltid med et innledende ritual, som kan anta forskjellige former. Ritualer er en del av hver tantrisk massasje. Hver massasje kan ha sitt eget ritual, og tantriske mass\u00f8rer kan lage sine egne ritualer som skal brukes til massasjen. Ritualet tjener til \u00e5 dele &laquo;det som var&raquo; fra &laquo;det som blir&raquo;. En hilsen er alltid en del av den tantriske massasjen. Imidlertid utf\u00f8res dette ritualet vanligvis mens det er kledd. Hvis det gj\u00f8res uten kl\u00e6r, er det umulig \u00e5 utelukke den seksuelle overtonen som en slik omfavnelse kan bringe. Massasjeens innledende ritual \u00e5pner oss ogs\u00e5 for et &laquo;hellig rom&raquo; for \u00e5 akseptere og gi massasjen i en \u00e5ndelig dimensjon. Dette rommet blir deretter &laquo;trygt&raquo; for \u00e5 \u00e5pne opp og akseptere de mest intime ber\u00f8ringene. Ritualets teknikker er sv\u00e6rt viktige for at aksepterende og givende sider kan stille inn p\u00e5 hverandre og etablere gjensidig tillit. Massasjer utf\u00f8res deretter i henhold til tantriske metoder i henhold til de enkelte typene av tantrisk massasje.<\/p>\n\t\t\t\t\t\t\t\t<\/div>\n\t\t\t\t<\/div>\n\t\t\t\t\t<\/div>\n\t\t<\/div>\n\t\t\t\t\t<\/div>\n\t\t<\/section>\n\t\t\t\t<section class=\"elementor-section elementor-top-section elementor-element elementor-element-9fa0689 elementor-section-content-middle elementor-section-boxed elementor-section-height-default elementor-section-height-default\" data-id=\"9fa0689\" data-element_type=\"section\" data-e-type=\"section\" data-settings=\"{&quot;background_background&quot;:&quot;classic&quot;}\">\n\t\t\t\t\t\t<div class=\"elementor-container elementor-column-gap-default\">\n\t\t\t\t\t<div class=\"elementor-column elementor-col-50 elementor-top-column elementor-element elementor-element-bbdf8b0\" data-id=\"bbdf8b0\" data-element_type=\"column\" data-e-type=\"column\" data-settings=\"{&quot;background_background&quot;:&quot;classic&quot;}\">\n\t\t\t<div class=\"elementor-widget-wrap elementor-element-populated\">\n\t\t\t\t\t\t<div class=\"elementor-element elementor-element-d32615e elementor-widget elementor-widget-heading\" data-id=\"d32615e\" data-element_type=\"widget\" data-e-type=\"widget\" data-widget_type=\"heading.default\">\n\t\t\t\t<div class=\"elementor-widget-container\">\n\t\t\t\t\t<h3 class=\"elementor-heading-title elementor-size-default\">Tantrisk massasje<\/h3>\t\t\t\t<\/div>\n\t\t\t\t<\/div>\n\t\t\t\t<div class=\"elementor-element elementor-element-e9e3f10 elementor-widget elementor-widget-text-editor\" data-id=\"e9e3f10\" data-element_type=\"widget\" data-e-type=\"widget\" data-widget_type=\"text-editor.default\">\n\t\t\t\t<div class=\"elementor-widget-container\">\n\t\t\t\t\t\t\t\t\t<p>Tantrisk massasje utf\u00f8res tradisjonelt p\u00e5 en futon ved levende lys og ledsages av lyden av hyggelig musikk i et rolig og uforstyrret milj\u00f8. Tantrisk massasje inkluderer forskjellige typer ber\u00f8ring, fra mild til dynamisk. Du vil oppleve en vask og en varm h\u00e5ndklemassasje, kj\u00e6rtegn fra myke fj\u00e6r og pelsverk, og bruk av dufter og varm olje. Lavasteiner brukes ogs\u00e5 til avslapning under lengre massasjer. Tantrisk massasje omfatter hele mottakerens kropp, fra hodet til tuppene. I motsetning til annen massasje er tantrisk massasje en helhetlig massasje, og inkluderer dermed massasje av de intime omr\u00e5dene, som i Tantra kalles yoni og lingam. Under denne massasjen skjer det ofte en transformasjon i begrepet seksualitetsform\u00e5l og en \u00e5pning for en ny, meditativ og form\u00e5lsl\u00f8s opplevelse av intimitet og stimulering. Generelt er det en helbredende massasje som fungerer med mange niv\u00e5er av individet. En massasje av prostata kan ogs\u00e5 inkluderes i massasjen.<\/p>\n\t\t\t\t\t\t\t\t<\/div>\n\t\t\t\t<\/div>\n\t\t\t\t\t<\/div>\n\t\t<\/div>\n\t\t\t\t<div class=\"elementor-column elementor-col-50 elementor-top-column elementor-element elementor-element-92ac726\" data-id=\"92ac726\" data-element_type=\"column\" data-e-type=\"column\">\n\t\t\t<div class=\"elementor-widget-wrap elementor-element-populated\">\n\t\t\t\t\t\t<div class=\"elementor-element elementor-element-746715c elementor-widget elementor-widget-image\" data-id=\"746715c\" data-element_type=\"widget\" data-e-type=\"widget\" data-widget_type=\"image.default\">\n\t\t\t\t<div class=\"elementor-widget-container\">\n\t\t\t\t\t\t\t\t\t\t\t\t\t\t\t<img loading=\"lazy\" decoding=\"async\" width=\"600\" height=\"600\" src=\"https:\/\/www.lysandetantramassage.se\/wp-content\/uploads\/salon-2-600x600-1.jpg\" class=\"attachment-large size-large wp-image-3560\" alt=\"\" srcset=\"https:\/\/www.lysandetantramassage.se\/wp-content\/uploads\/salon-2-600x600-1.jpg 600w, https:\/\/www.lysandetantramassage.se\/wp-content\/uploads\/salon-2-600x600-1-300x300.jpg 300w, https:\/\/www.lysandetantramassage.se\/wp-content\/uploads\/salon-2-600x600-1-150x150.jpg 150w\" sizes=\"(max-width: 600px) 100vw, 600px\" \/>\t\t\t\t\t\t\t\t\t\t\t\t\t\t\t<\/div>\n\t\t\t\t<\/div>\n\t\t\t\t\t<\/div>\n\t\t<\/div>\n\t\t\t\t\t<\/div>\n\t\t<\/section>\n\t\t\t\t<section class=\"elementor-section elementor-top-section elementor-element elementor-element-e3c43f0 elementor-section-content-middle elementor-section-boxed elementor-section-height-default elementor-section-height-default\" data-id=\"e3c43f0\" data-element_type=\"section\" data-e-type=\"section\" data-settings=\"{&quot;background_background&quot;:&quot;classic&quot;}\">\n\t\t\t\t\t\t<div class=\"elementor-container elementor-column-gap-default\">\n\t\t\t\t\t<div class=\"elementor-column elementor-col-100 elementor-top-column elementor-element elementor-element-432cc77\" data-id=\"432cc77\" data-element_type=\"column\" data-e-type=\"column\">\n\t\t\t<div class=\"elementor-widget-wrap elementor-element-populated\">\n\t\t\t\t\t\t<div class=\"elementor-element elementor-element-587d1db elementor-align-center elementor-widget elementor-widget-button\" data-id=\"587d1db\" data-element_type=\"widget\" data-e-type=\"widget\" data-widget_type=\"button.default\">\n\t\t\t\t<div class=\"elementor-widget-container\">\n\t\t\t\t\t\t\t\t\t<div class=\"elementor-button-wrapper\">\n\t\t\t\t\t<a class=\"elementor-button elementor-button-link elementor-size-sm elementor-animation-grow\" href=\"https:\/\/www.lysandetantramassage.se\/no\/kontakter\">\n\t\t\t\t\t\t<span class=\"elementor-button-content-wrapper\">\n\t\t\t\t\t\t\t\t\t<span class=\"elementor-button-text\">Avtale et m\u00f8te<\/span>\n\t\t\t\t\t<\/span>\n\t\t\t\t\t<\/a>\n\t\t\t\t<\/div>\n\t\t\t\t\t\t\t\t<\/div>\n\t\t\t\t<\/div>\n\t\t\t\t\t<\/div>\n\t\t<\/div>\n\t\t\t\t\t<\/div>\n\t\t<\/section>\n\t\t\t\t<\/div>\n\t\t","protected":false},"excerpt":{"rendered":"<p>Tjenester Tantrisk massasje for menn Nuru massasje Tantrisk massasje for kvinner Tantrisk massasje for par Firehands tantrisk massasje Hva er tantrisk massasje? Tantrisk massasje er et unikt og sofistikert ritual som stammer fra tantrisk filosofi og prinsipper, som blir stadig mer popul\u00e6rt blant menn, kvinner og par over hele verden. Det er en invitasjon til [&hellip;]<\/p>\n","protected":false},"author":1,"featured_media":0,"parent":0,"menu_order":0,"comment_status":"closed","ping_status":"closed","template":"","meta":{"footnotes":""},"class_list":["post-4150","page","type-page","status-publish","hentry"],"_links":{"self":[{"href":"https:\/\/www.lysandetantramassage.se\/no\/wp-json\/wp\/v2\/pages\/4150","targetHints":{"allow":["GET"]}}],"collection":[{"href":"https:\/\/www.lysandetantramassage.se\/no\/wp-json\/wp\/v2\/pages"}],"about":[{"href":"https:\/\/www.lysandetantramassage.se\/no\/wp-json\/wp\/v2\/types\/page"}],"author":[{"embeddable":true,"href":"https:\/\/www.lysandetantramassage.se\/no\/wp-json\/wp\/v2\/users\/1"}],"replies":[{"embeddable":true,"href":"https:\/\/www.lysandetantramassage.se\/no\/wp-json\/wp\/v2\/comments?post=4150"}],"version-history":[{"count":0,"href":"https:\/\/www.lysandetantramassage.se\/no\/wp-json\/wp\/v2\/pages\/4150\/revisions"}],"wp:attachment":[{"href":"https:\/\/www.lysandetantramassage.se\/no\/wp-json\/wp\/v2\/media?parent=4150"}],"curies":[{"name":"wp","href":"https:\/\/api.w.org\/{rel}","templated":true}]}}