{"id":3585,"date":"2021-08-12T09:40:38","date_gmt":"2021-08-12T08:40:38","guid":{"rendered":"https:\/\/www.lysandetantramassage.se\/firehands-tantrisk-massasje"},"modified":"2021-08-12T09:40:39","modified_gmt":"2021-08-12T08:40:39","slug":"firehands-tantrisk-massasje","status":"publish","type":"page","link":"https:\/\/www.lysandetantramassage.se\/no\/tjenester\/firehands-tantrisk-massasje","title":{"rendered":"Firehands tantrisk massasje"},"content":{"rendered":"\t\t<div data-elementor-type=\"wp-page\" data-elementor-id=\"3585\" class=\"elementor elementor-3585 elementor-818\" data-elementor-post-type=\"page\">\n\t\t\t\t\t\t<section class=\"elementor-section elementor-top-section elementor-element elementor-element-ef8a700 elementor-section-boxed elementor-section-height-default elementor-section-height-default\" data-id=\"ef8a700\" data-element_type=\"section\" data-e-type=\"section\" data-settings=\"{&quot;background_background&quot;:&quot;classic&quot;}\">\n\t\t\t\t\t\t<div class=\"elementor-container elementor-column-gap-default\">\n\t\t\t\t\t<div class=\"elementor-column elementor-col-100 elementor-top-column elementor-element elementor-element-21502c4\" data-id=\"21502c4\" data-element_type=\"column\" data-e-type=\"column\">\n\t\t\t<div class=\"elementor-widget-wrap elementor-element-populated\">\n\t\t\t\t\t\t<div class=\"elementor-element elementor-element-9470a4b elementor-align-center elementor-widget elementor-widget-breadcrumbs\" data-id=\"9470a4b\" data-element_type=\"widget\" data-e-type=\"widget\" data-widget_type=\"breadcrumbs.default\">\n\t\t\t\t<div class=\"elementor-widget-container\">\n\t\t\t\t\t<p id=\"breadcrumbs\"><span><span><a href=\"https:\/\/www.lysandetantramassage.se\/no\">Home<\/a><\/span><\/span><\/p>\t\t\t\t<\/div>\n\t\t\t\t<\/div>\n\t\t\t\t\t<\/div>\n\t\t<\/div>\n\t\t\t\t\t<\/div>\n\t\t<\/section>\n\t\t\t\t<section class=\"elementor-section elementor-top-section elementor-element elementor-element-b1008ba elementor-section-boxed elementor-section-height-default elementor-section-height-default\" data-id=\"b1008ba\" data-element_type=\"section\" data-e-type=\"section\" data-settings=\"{&quot;background_background&quot;:&quot;classic&quot;}\">\n\t\t\t\t\t\t<div class=\"elementor-container elementor-column-gap-default\">\n\t\t\t\t\t<div class=\"elementor-column elementor-col-50 elementor-top-column elementor-element elementor-element-8f8f8dc\" data-id=\"8f8f8dc\" data-element_type=\"column\" data-e-type=\"column\">\n\t\t\t<div class=\"elementor-widget-wrap elementor-element-populated\">\n\t\t\t\t\t\t<div class=\"elementor-element elementor-element-ac920b2 elementor-widget elementor-widget-image\" data-id=\"ac920b2\" data-element_type=\"widget\" data-e-type=\"widget\" data-widget_type=\"image.default\">\n\t\t\t\t<div class=\"elementor-widget-container\">\n\t\t\t\t\t\t\t\t\t\t\t\t\t\t\t<img fetchpriority=\"high\" decoding=\"async\" width=\"800\" height=\"450\" src=\"https:\/\/www.lysandetantramassage.se\/wp-content\/uploads\/Four-hand-tantra-massage-900x506-1.jpg\" class=\"attachment-large size-large wp-image-4518\" alt=\"\" srcset=\"https:\/\/www.lysandetantramassage.se\/wp-content\/uploads\/Four-hand-tantra-massage-900x506-1.jpg 900w, https:\/\/www.lysandetantramassage.se\/wp-content\/uploads\/Four-hand-tantra-massage-900x506-1-300x169.jpg 300w, https:\/\/www.lysandetantramassage.se\/wp-content\/uploads\/Four-hand-tantra-massage-900x506-1-768x432.jpg 768w\" sizes=\"(max-width: 800px) 100vw, 800px\" \/>\t\t\t\t\t\t\t\t\t\t\t\t\t\t\t<\/div>\n\t\t\t\t<\/div>\n\t\t\t\t\t<\/div>\n\t\t<\/div>\n\t\t\t\t<div class=\"elementor-column elementor-col-50 elementor-top-column elementor-element elementor-element-292e4c1\" data-id=\"292e4c1\" data-element_type=\"column\" data-e-type=\"column\">\n\t\t\t<div class=\"elementor-widget-wrap elementor-element-populated\">\n\t\t\t\t\t\t<div class=\"elementor-element elementor-element-89673c1 elementor-widget elementor-widget-text-editor\" data-id=\"89673c1\" data-element_type=\"widget\" data-e-type=\"widget\" data-widget_type=\"text-editor.default\">\n\t\t\t\t<div class=\"elementor-widget-container\">\n\t\t\t\t\t\t\t\t\t<p>Tantrisk massasje med bare en mass\u00f8r er en veldig sensuell opplevelse i seg selv, men tenk deg at to kvinner tar seg av deg samtidig. Firehands tantrisk massasje er en veldig spennende og uvanlig opplevelse hvor du som klient f\u00f8ler deg bokstavelig talt i himmelen. Den milde ber\u00f8ringen av fire hender over hele kroppen, den flotte atmosf\u00e6ren og tapet av tidsspor &#8230; Det er det som venter deg.<\/p>\n\t\t\t\t\t\t\t\t<\/div>\n\t\t\t\t<\/div>\n\t\t\t\t\t<\/div>\n\t\t<\/div>\n\t\t\t\t\t<\/div>\n\t\t<\/section>\n\t\t\t\t<section class=\"elementor-section elementor-top-section elementor-element elementor-element-1b76f42 elementor-section-boxed elementor-section-height-default elementor-section-height-default\" data-id=\"1b76f42\" data-element_type=\"section\" data-e-type=\"section\" data-settings=\"{&quot;background_background&quot;:&quot;classic&quot;}\">\n\t\t\t\t\t\t<div class=\"elementor-container elementor-column-gap-default\">\n\t\t\t\t\t<div class=\"elementor-column elementor-col-100 elementor-top-column elementor-element elementor-element-cb9cde2\" data-id=\"cb9cde2\" data-element_type=\"column\" data-e-type=\"column\">\n\t\t\t<div class=\"elementor-widget-wrap elementor-element-populated\">\n\t\t\t\t\t\t<div class=\"elementor-element elementor-element-ca77b63 elementor-align-center elementor-widget elementor-widget-button\" data-id=\"ca77b63\" data-element_type=\"widget\" data-e-type=\"widget\" data-widget_type=\"button.default\">\n\t\t\t\t<div class=\"elementor-widget-container\">\n\t\t\t\t\t\t\t\t\t<div class=\"elementor-button-wrapper\">\n\t\t\t\t\t<a class=\"elementor-button elementor-button-link elementor-size-sm elementor-animation-grow\" href=\"https:\/\/www.lysandetantramassage.se\/no\/kontakter\">\n\t\t\t\t\t\t<span class=\"elementor-button-content-wrapper\">\n\t\t\t\t\t\t\t\t\t<span class=\"elementor-button-text\">Avtale et m\u00f8te<\/span>\n\t\t\t\t\t<\/span>\n\t\t\t\t\t<\/a>\n\t\t\t\t<\/div>\n\t\t\t\t\t\t\t\t<\/div>\n\t\t\t\t<\/div>\n\t\t\t\t<div class=\"elementor-element elementor-element-909a8b2 elementor-widget elementor-widget-image\" data-id=\"909a8b2\" data-element_type=\"widget\" data-e-type=\"widget\" data-widget_type=\"image.default\">\n\t\t\t\t<div class=\"elementor-widget-container\">\n\t\t\t\t\t\t\t\t\t\t\t\t\t\t\t<img decoding=\"async\" width=\"800\" height=\"800\" src=\"https:\/\/www.lysandetantramassage.se\/wp-content\/uploads\/logo-woman-bg-900x900-1.png\" class=\"attachment-large size-large wp-image-3572\" alt=\"\" srcset=\"https:\/\/www.lysandetantramassage.se\/wp-content\/uploads\/logo-woman-bg-900x900-1.png 900w, https:\/\/www.lysandetantramassage.se\/wp-content\/uploads\/logo-woman-bg-900x900-1-300x300.png 300w, https:\/\/www.lysandetantramassage.se\/wp-content\/uploads\/logo-woman-bg-900x900-1-150x150.png 150w, https:\/\/www.lysandetantramassage.se\/wp-content\/uploads\/logo-woman-bg-900x900-1-768x768.png 768w\" sizes=\"(max-width: 800px) 100vw, 800px\" \/>\t\t\t\t\t\t\t\t\t\t\t\t\t\t\t<\/div>\n\t\t\t\t<\/div>\n\t\t\t\t\t<\/div>\n\t\t<\/div>\n\t\t\t\t\t<\/div>\n\t\t<\/section>\n\t\t\t\t<\/div>\n\t\t","protected":false},"excerpt":{"rendered":"<p>Tantrisk massasje med bare en mass\u00f8r er en veldig sensuell opplevelse i seg selv, men tenk deg at to kvinner tar seg av deg samtidig. Firehands tantrisk massasje er en veldig spennende og uvanlig opplevelse hvor du som klient f\u00f8ler deg bokstavelig talt i himmelen. Den milde ber\u00f8ringen av fire hender over hele kroppen, den [&hellip;]<\/p>\n","protected":false},"author":1,"featured_media":0,"parent":4150,"menu_order":0,"comment_status":"closed","ping_status":"closed","template":"","meta":{"footnotes":""},"class_list":["post-3585","page","type-page","status-publish","hentry"],"_links":{"self":[{"href":"https:\/\/www.lysandetantramassage.se\/no\/wp-json\/wp\/v2\/pages\/3585","targetHints":{"allow":["GET"]}}],"collection":[{"href":"https:\/\/www.lysandetantramassage.se\/no\/wp-json\/wp\/v2\/pages"}],"about":[{"href":"https:\/\/www.lysandetantramassage.se\/no\/wp-json\/wp\/v2\/types\/page"}],"author":[{"embeddable":true,"href":"https:\/\/www.lysandetantramassage.se\/no\/wp-json\/wp\/v2\/users\/1"}],"replies":[{"embeddable":true,"href":"https:\/\/www.lysandetantramassage.se\/no\/wp-json\/wp\/v2\/comments?post=3585"}],"version-history":[{"count":0,"href":"https:\/\/www.lysandetantramassage.se\/no\/wp-json\/wp\/v2\/pages\/3585\/revisions"}],"up":[{"embeddable":true,"href":"https:\/\/www.lysandetantramassage.se\/no\/wp-json\/wp\/v2\/pages\/4150"}],"wp:attachment":[{"href":"https:\/\/www.lysandetantramassage.se\/no\/wp-json\/wp\/v2\/media?parent=3585"}],"curies":[{"name":"wp","href":"https:\/\/api.w.org\/{rel}","templated":true}]}}