{"id":3580,"date":"2021-08-12T09:39:15","date_gmt":"2021-08-12T08:39:15","guid":{"rendered":"https:\/\/www.lysandetantramassage.se\/nuru-massage"},"modified":"2021-08-12T09:39:15","modified_gmt":"2021-08-12T08:39:15","slug":"nuru-massage","status":"publish","type":"page","link":"https:\/\/www.lysandetantramassage.se\/no\/tjenester\/nuru-massage","title":{"rendered":"Nuru Massage"},"content":{"rendered":"\t\t<div data-elementor-type=\"wp-page\" data-elementor-id=\"3580\" class=\"elementor elementor-3580 elementor-652\" data-elementor-post-type=\"page\">\n\t\t\t\t\t\t<section class=\"elementor-section elementor-top-section elementor-element elementor-element-6b01aa8 elementor-section-boxed elementor-section-height-default elementor-section-height-default\" data-id=\"6b01aa8\" data-element_type=\"section\" data-e-type=\"section\" data-settings=\"{&quot;background_background&quot;:&quot;classic&quot;}\">\n\t\t\t\t\t\t<div class=\"elementor-container elementor-column-gap-default\">\n\t\t\t\t\t<div class=\"elementor-column elementor-col-100 elementor-top-column elementor-element elementor-element-f725371\" data-id=\"f725371\" data-element_type=\"column\" data-e-type=\"column\">\n\t\t\t<div class=\"elementor-widget-wrap elementor-element-populated\">\n\t\t\t\t\t\t<div class=\"elementor-element elementor-element-53c0c19 elementor-align-center elementor-widget elementor-widget-breadcrumbs\" data-id=\"53c0c19\" data-element_type=\"widget\" data-e-type=\"widget\" data-widget_type=\"breadcrumbs.default\">\n\t\t\t\t<div class=\"elementor-widget-container\">\n\t\t\t\t\t<p id=\"breadcrumbs\"><span><span><a href=\"https:\/\/www.lysandetantramassage.se\/no\">Home<\/a><\/span><\/span><\/p>\t\t\t\t<\/div>\n\t\t\t\t<\/div>\n\t\t\t\t\t<\/div>\n\t\t<\/div>\n\t\t\t\t\t<\/div>\n\t\t<\/section>\n\t\t\t\t<section class=\"elementor-section elementor-top-section elementor-element elementor-element-8419c26 elementor-section-boxed elementor-section-height-default elementor-section-height-default\" data-id=\"8419c26\" data-element_type=\"section\" data-e-type=\"section\" data-settings=\"{&quot;background_background&quot;:&quot;classic&quot;}\">\n\t\t\t\t\t\t<div class=\"elementor-container elementor-column-gap-default\">\n\t\t\t\t\t<div class=\"elementor-column elementor-col-50 elementor-top-column elementor-element elementor-element-84aeec1\" data-id=\"84aeec1\" data-element_type=\"column\" data-e-type=\"column\">\n\t\t\t<div class=\"elementor-widget-wrap elementor-element-populated\">\n\t\t\t\t\t\t<div class=\"elementor-element elementor-element-cf71f59 elementor-widget elementor-widget-image\" data-id=\"cf71f59\" data-element_type=\"widget\" data-e-type=\"widget\" data-widget_type=\"image.default\">\n\t\t\t\t<div class=\"elementor-widget-container\">\n\t\t\t\t\t\t\t\t\t\t\t\t\t\t\t<img fetchpriority=\"high\" decoding=\"async\" width=\"800\" height=\"450\" src=\"https:\/\/www.lysandetantramassage.se\/wp-content\/uploads\/Services-Nuru-Massage-x-900x506-1.jpg\" class=\"attachment-large size-large wp-image-3582\" alt=\"\" srcset=\"https:\/\/www.lysandetantramassage.se\/wp-content\/uploads\/Services-Nuru-Massage-x-900x506-1.jpg 900w, https:\/\/www.lysandetantramassage.se\/wp-content\/uploads\/Services-Nuru-Massage-x-900x506-1-300x169.jpg 300w, https:\/\/www.lysandetantramassage.se\/wp-content\/uploads\/Services-Nuru-Massage-x-900x506-1-768x432.jpg 768w\" sizes=\"(max-width: 800px) 100vw, 800px\" \/>\t\t\t\t\t\t\t\t\t\t\t\t\t\t\t<\/div>\n\t\t\t\t<\/div>\n\t\t\t\t\t<\/div>\n\t\t<\/div>\n\t\t\t\t<div class=\"elementor-column elementor-col-50 elementor-top-column elementor-element elementor-element-137abab\" data-id=\"137abab\" data-element_type=\"column\" data-e-type=\"column\">\n\t\t\t<div class=\"elementor-widget-wrap elementor-element-populated\">\n\t\t\t\t\t\t<div class=\"elementor-element elementor-element-ac2420e elementor-widget elementor-widget-text-editor\" data-id=\"ac2420e\" data-element_type=\"widget\" data-e-type=\"widget\" data-widget_type=\"text-editor.default\">\n\t\t\t\t<div class=\"elementor-widget-container\">\n\t\t\t\t\t\t\t\t\t<p>Den sensuelle massasje -kunsten har blitt praktisert i \u00e5rhundrer og er kjent for sine avslappende effekter med et snev av intimitet. Nuru -massasjer fokuserer p\u00e5 \u00e5 styrke nytelse og lyst, slik at par eller enkeltpersoner kan oppn\u00e5 et individuelt tilfredsstillende klimaks p\u00e5 en s\u00e5 hyggelig m\u00e5te som mulig. Nuru -massasje kommer fra Japan, hvor ordet &laquo;nuru&raquo; betyr glatt og hvor denne massasjen regnes som et gammelt erotisk ritual som ofte kalles &laquo;glatt massasje&raquo;. Ingenting kan v\u00e6re mer intimt enn en sensuell massasje, der det ikke bare handler om \u00e5 ber\u00f8re med hendene, men hele kroppen er vant til \u00e5 massere og bli kjent med partneren din-kropp-til-kroppsmassasje. Under nuru -massasje er det en \u00f8kning i pulsaktivitet og blodsutgytelse i de mest f\u00f8lsomme intime omr\u00e5dene. Nuru -massasje skaper derfor ideelle forhold for maksimal nytelse og nytelse.<\/p>\n\t\t\t\t\t\t\t\t<\/div>\n\t\t\t\t<\/div>\n\t\t\t\t\t<\/div>\n\t\t<\/div>\n\t\t\t\t\t<\/div>\n\t\t<\/section>\n\t\t\t\t<section class=\"elementor-section elementor-top-section elementor-element elementor-element-25eb7a3 elementor-section-boxed elementor-section-height-default elementor-section-height-default\" data-id=\"25eb7a3\" data-element_type=\"section\" data-e-type=\"section\" data-settings=\"{&quot;background_background&quot;:&quot;classic&quot;}\">\n\t\t\t\t\t\t<div class=\"elementor-container elementor-column-gap-default\">\n\t\t\t\t\t<div class=\"elementor-column elementor-col-100 elementor-top-column elementor-element elementor-element-5202801\" data-id=\"5202801\" data-element_type=\"column\" data-e-type=\"column\">\n\t\t\t<div class=\"elementor-widget-wrap elementor-element-populated\">\n\t\t\t\t\t\t<div class=\"elementor-element elementor-element-6529aa2 elementor-align-center elementor-widget elementor-widget-button\" data-id=\"6529aa2\" data-element_type=\"widget\" data-e-type=\"widget\" data-widget_type=\"button.default\">\n\t\t\t\t<div class=\"elementor-widget-container\">\n\t\t\t\t\t\t\t\t\t<div class=\"elementor-button-wrapper\">\n\t\t\t\t\t<a class=\"elementor-button elementor-button-link elementor-size-sm elementor-animation-grow\" href=\"https:\/\/www.lysandetantramassage.se\/no\/kontakter\">\n\t\t\t\t\t\t<span class=\"elementor-button-content-wrapper\">\n\t\t\t\t\t\t\t\t\t<span class=\"elementor-button-text\">Avtale et m\u00f8te<\/span>\n\t\t\t\t\t<\/span>\n\t\t\t\t\t<\/a>\n\t\t\t\t<\/div>\n\t\t\t\t\t\t\t\t<\/div>\n\t\t\t\t<\/div>\n\t\t\t\t<div class=\"elementor-element elementor-element-d58389c elementor-widget elementor-widget-image\" data-id=\"d58389c\" data-element_type=\"widget\" data-e-type=\"widget\" data-widget_type=\"image.default\">\n\t\t\t\t<div class=\"elementor-widget-container\">\n\t\t\t\t\t\t\t\t\t\t\t\t\t\t\t<img decoding=\"async\" width=\"800\" height=\"800\" src=\"https:\/\/www.lysandetantramassage.se\/wp-content\/uploads\/logo-woman-bg-900x900-1.png\" class=\"attachment-large size-large wp-image-3572\" alt=\"\" srcset=\"https:\/\/www.lysandetantramassage.se\/wp-content\/uploads\/logo-woman-bg-900x900-1.png 900w, https:\/\/www.lysandetantramassage.se\/wp-content\/uploads\/logo-woman-bg-900x900-1-300x300.png 300w, https:\/\/www.lysandetantramassage.se\/wp-content\/uploads\/logo-woman-bg-900x900-1-150x150.png 150w, https:\/\/www.lysandetantramassage.se\/wp-content\/uploads\/logo-woman-bg-900x900-1-768x768.png 768w\" sizes=\"(max-width: 800px) 100vw, 800px\" \/>\t\t\t\t\t\t\t\t\t\t\t\t\t\t\t<\/div>\n\t\t\t\t<\/div>\n\t\t\t\t\t<\/div>\n\t\t<\/div>\n\t\t\t\t\t<\/div>\n\t\t<\/section>\n\t\t\t\t<\/div>\n\t\t","protected":false},"excerpt":{"rendered":"<p>Den sensuelle massasje -kunsten har blitt praktisert i \u00e5rhundrer og er kjent for sine avslappende effekter med et snev av intimitet. Nuru -massasjer fokuserer p\u00e5 \u00e5 styrke nytelse og lyst, slik at par eller enkeltpersoner kan oppn\u00e5 et individuelt tilfredsstillende klimaks p\u00e5 en s\u00e5 hyggelig m\u00e5te som mulig. Nuru -massasje kommer fra Japan, hvor ordet [&hellip;]<\/p>\n","protected":false},"author":1,"featured_media":0,"parent":4150,"menu_order":0,"comment_status":"closed","ping_status":"closed","template":"","meta":{"footnotes":""},"class_list":["post-3580","page","type-page","status-publish","hentry"],"_links":{"self":[{"href":"https:\/\/www.lysandetantramassage.se\/no\/wp-json\/wp\/v2\/pages\/3580","targetHints":{"allow":["GET"]}}],"collection":[{"href":"https:\/\/www.lysandetantramassage.se\/no\/wp-json\/wp\/v2\/pages"}],"about":[{"href":"https:\/\/www.lysandetantramassage.se\/no\/wp-json\/wp\/v2\/types\/page"}],"author":[{"embeddable":true,"href":"https:\/\/www.lysandetantramassage.se\/no\/wp-json\/wp\/v2\/users\/1"}],"replies":[{"embeddable":true,"href":"https:\/\/www.lysandetantramassage.se\/no\/wp-json\/wp\/v2\/comments?post=3580"}],"version-history":[{"count":0,"href":"https:\/\/www.lysandetantramassage.se\/no\/wp-json\/wp\/v2\/pages\/3580\/revisions"}],"up":[{"embeddable":true,"href":"https:\/\/www.lysandetantramassage.se\/no\/wp-json\/wp\/v2\/pages\/4150"}],"wp:attachment":[{"href":"https:\/\/www.lysandetantramassage.se\/no\/wp-json\/wp\/v2\/media?parent=3580"}],"curies":[{"name":"wp","href":"https:\/\/api.w.org\/{rel}","templated":true}]}}